{"id":139,"date":"2022-08-31T13:39:04","date_gmt":"2022-08-31T13:39:04","guid":{"rendered":"https:\/\/juliustamosiunas.lt\/?page_id=139"},"modified":"2022-11-20T17:35:30","modified_gmt":"2022-11-20T17:35:30","slug":"mes","status":"publish","type":"page","link":"https:\/\/juliustamosiunas.lt\/?page_id=139","title":{"rendered":"Objektyvas"},"content":{"rendered":"\n<div class=\"wp-block-columns is-layout-flex wp-container-core-columns-is-layout-9d6595d7 wp-block-columns-is-layout-flex\">\n<div class=\"wp-block-column is-vertically-aligned-top is-layout-flow wp-block-column-is-layout-flow\">\n<p class=\"has-medium-font-size\" style=\"font-style:italic;font-weight:700\">Mes kasdien prisimename, Mes saugojame prisiminimus, prab\u0117gusias akimirkas, Mes  did\u017eiuojam\u0117s  t\u0117\u010dio, senelio nuveiktais darbais.<\/p>\n<\/div>\n<\/div>\n\n\n\n<div class=\"wp-block-columns is-layout-flex wp-container-core-columns-is-layout-9d6595d7 wp-block-columns-is-layout-flex\">\n<div class=\"wp-block-column is-layout-flow wp-block-column-is-layout-flow\" style=\"flex-basis:33.34%\">\n<div class=\"wp-block-columns is-layout-flex wp-container-core-columns-is-layout-9d6595d7 wp-block-columns-is-layout-flex\">\n<div class=\"wp-block-column is-layout-flow wp-block-column-is-layout-flow\" style=\"flex-basis:50%\">\n<div class=\"wp-block-columns is-layout-flex wp-container-core-columns-is-layout-9d6595d7 wp-block-columns-is-layout-flex\">\n<div class=\"wp-block-column is-layout-flow wp-block-column-is-layout-flow\" style=\"flex-basis:100%\"><\/div>\n<\/div>\n<\/div>\n<\/div>\n<\/div>\n\n\n\n<div class=\"wp-block-column is-layout-flow wp-block-column-is-layout-flow\" style=\"flex-basis:33.34%\">\n<p>Marijus Tama\u0161i\u016bnas, <\/p>\n\n\n\n<p style=\"font-style:italic;font-weight:600\">Para\u0161\u0117 ir I\u0161leido apybrai\u017e\u0105 apie J. Tamo\u0161i\u016bn\u0105 &#8211; savo senel\u012f.<\/p>\n<\/div>\n\n\n\n<div class=\"wp-block-column is-layout-flow wp-block-column-is-layout-flow\" style=\"flex-basis:33.33%\">\n<figure class=\"wp-block-image size-large is-resized is-style-default\"><a href=\"https:\/\/juliustamosiunas.lt\/wp-content\/uploads\/2022\/10\/Skaitytuvas_20221017-2-scaled.jpg\"><img fetchpriority=\"high\" decoding=\"async\" src=\"https:\/\/juliustamosiunas.lt\/wp-content\/uploads\/2022\/10\/Skaitytuvas_20221017-2-726x1024.jpg\" alt=\"\" class=\"wp-image-548\" width=\"236\" height=\"332\" srcset=\"https:\/\/juliustamosiunas.lt\/wp-content\/uploads\/2022\/10\/Skaitytuvas_20221017-2-726x1024.jpg 726w, https:\/\/juliustamosiunas.lt\/wp-content\/uploads\/2022\/10\/Skaitytuvas_20221017-2-213x300.jpg 213w, https:\/\/juliustamosiunas.lt\/wp-content\/uploads\/2022\/10\/Skaitytuvas_20221017-2-768x1083.jpg 768w, https:\/\/juliustamosiunas.lt\/wp-content\/uploads\/2022\/10\/Skaitytuvas_20221017-2-1089x1536.jpg 1089w, https:\/\/juliustamosiunas.lt\/wp-content\/uploads\/2022\/10\/Skaitytuvas_20221017-2-1452x2048.jpg 1452w, https:\/\/juliustamosiunas.lt\/wp-content\/uploads\/2022\/10\/Skaitytuvas_20221017-2-scaled.jpg 1815w\" sizes=\"(max-width: 236px) 100vw, 236px\" \/><\/a><\/figure>\n<\/div>\n<\/div>\n\n\n\n<div class=\"wp-block-columns is-layout-flex wp-container-core-columns-is-layout-9d6595d7 wp-block-columns-is-layout-flex\">\n<div class=\"wp-block-column has-nv-light-bg-background-color has-background is-layout-flow wp-block-column-is-layout-flow\">\n<div class=\"wp-block-group\"><div class=\"wp-block-group__inner-container is-layout-flow wp-block-group-is-layout-flow\"><div class=\"_df_book df-lite\" id=\"df_583\"  _slug=\"\" data-title=\"\" wpoptions=\"true\" thumb=\"https:\/\/juliustamosiunas.lt\/wp-content\/uploads\/2022\/10\/Skaitytuvas_20221017-2-scaled.jpg\" thumbtype=\"\" ><\/div><script class=\"df-shortcode-script\" nowprocket type=\"application\/javascript\">window.option_df_583 = {\"outline\":[],\"autoEnableOutline\":\"false\",\"autoEnableThumbnail\":\"false\",\"overwritePDFOutline\":\"false\",\"direction\":\"1\",\"pageSize\":\"0\",\"source\":\"https:\\\/\\\/juliustamosiunas.lt\\\/wp-content\\\/uploads\\\/2022\\\/08\\\/Julius-Tamosiunas_knyga_PDF.pdf\",\"wpOptions\":\"true\"}; if(window.DFLIP && window.DFLIP.parseBooks){window.DFLIP.parseBooks();}<\/script>\n<\/div><\/div>\n<\/div>\n<\/div>\n\n\n\n<div class=\"wp-block-columns is-layout-flex wp-container-core-columns-is-layout-9d6595d7 wp-block-columns-is-layout-flex\">\n<div class=\"wp-block-column is-layout-flow wp-block-column-is-layout-flow\">\n<figure class=\"wp-block-image size-large\"><img decoding=\"async\" width=\"1024\" height=\"695\" src=\"https:\/\/juliustamosiunas.lt\/wp-content\/uploads\/2022\/10\/Skaitytuvas_20221018-2-1024x695.jpg\" alt=\"\" class=\"wp-image-573\" srcset=\"https:\/\/juliustamosiunas.lt\/wp-content\/uploads\/2022\/10\/Skaitytuvas_20221018-2-1024x695.jpg 1024w, https:\/\/juliustamosiunas.lt\/wp-content\/uploads\/2022\/10\/Skaitytuvas_20221018-2-300x204.jpg 300w, https:\/\/juliustamosiunas.lt\/wp-content\/uploads\/2022\/10\/Skaitytuvas_20221018-2-768x521.jpg 768w, https:\/\/juliustamosiunas.lt\/wp-content\/uploads\/2022\/10\/Skaitytuvas_20221018-2-1536x1043.jpg 1536w, https:\/\/juliustamosiunas.lt\/wp-content\/uploads\/2022\/10\/Skaitytuvas_20221018-2-2048x1390.jpg 2048w\" sizes=\"(max-width: 1024px) 100vw, 1024px\" \/><\/figure>\n<\/div>\n\n\n\n<div class=\"wp-block-column is-layout-flow wp-block-column-is-layout-flow\">\n<figure class=\"wp-block-image size-full\"><img decoding=\"async\" width=\"276\" height=\"395\" src=\"https:\/\/juliustamosiunas.lt\/wp-content\/uploads\/2022\/10\/LAG4.jpg\" alt=\"\" class=\"wp-image-559\" srcset=\"https:\/\/juliustamosiunas.lt\/wp-content\/uploads\/2022\/10\/LAG4.jpg 276w, https:\/\/juliustamosiunas.lt\/wp-content\/uploads\/2022\/10\/LAG4-210x300.jpg 210w\" sizes=\"(max-width: 276px) 100vw, 276px\" \/><\/figure>\n<\/div>\n\n\n\n<div class=\"wp-block-column is-layout-flow wp-block-column-is-layout-flow\">\n<figure class=\"wp-block-image size-full\"><img loading=\"lazy\" decoding=\"async\" width=\"399\" height=\"256\" src=\"https:\/\/juliustamosiunas.lt\/wp-content\/uploads\/2022\/10\/LAG2.jpg\" alt=\"\" class=\"wp-image-561\" srcset=\"https:\/\/juliustamosiunas.lt\/wp-content\/uploads\/2022\/10\/LAG2.jpg 399w, https:\/\/juliustamosiunas.lt\/wp-content\/uploads\/2022\/10\/LAG2-300x192.jpg 300w\" sizes=\"(max-width: 399px) 100vw, 399px\" \/><\/figure>\n<\/div>\n<\/div>\n\n\n\n<div class=\"wp-block-columns is-layout-flex wp-container-core-columns-is-layout-9d6595d7 wp-block-columns-is-layout-flex\">\n<div class=\"wp-block-column is-layout-flow wp-block-column-is-layout-flow\">\n<figure class=\"wp-block-image size-large\"><img loading=\"lazy\" decoding=\"async\" width=\"1024\" height=\"738\" src=\"https:\/\/juliustamosiunas.lt\/wp-content\/uploads\/2022\/10\/Skaitytuvas_20221018-1024x738.jpg\" alt=\"\" class=\"wp-image-569\" srcset=\"https:\/\/juliustamosiunas.lt\/wp-content\/uploads\/2022\/10\/Skaitytuvas_20221018-1024x738.jpg 1024w, https:\/\/juliustamosiunas.lt\/wp-content\/uploads\/2022\/10\/Skaitytuvas_20221018-300x216.jpg 300w, https:\/\/juliustamosiunas.lt\/wp-content\/uploads\/2022\/10\/Skaitytuvas_20221018-768x554.jpg 768w, https:\/\/juliustamosiunas.lt\/wp-content\/uploads\/2022\/10\/Skaitytuvas_20221018-1536x1107.jpg 1536w, https:\/\/juliustamosiunas.lt\/wp-content\/uploads\/2022\/10\/Skaitytuvas_20221018-2048x1476.jpg 2048w\" sizes=\"(max-width: 1024px) 100vw, 1024px\" \/><\/figure>\n<\/div>\n\n\n\n<div class=\"wp-block-column is-layout-flow wp-block-column-is-layout-flow\">\n<figure class=\"wp-block-image size-large\"><img loading=\"lazy\" decoding=\"async\" width=\"741\" height=\"1024\" src=\"https:\/\/juliustamosiunas.lt\/wp-content\/uploads\/2022\/10\/Untitled-741x1024.jpg\" alt=\"\" class=\"wp-image-571\" srcset=\"https:\/\/juliustamosiunas.lt\/wp-content\/uploads\/2022\/10\/Untitled-741x1024.jpg 741w, https:\/\/juliustamosiunas.lt\/wp-content\/uploads\/2022\/10\/Untitled-217x300.jpg 217w, https:\/\/juliustamosiunas.lt\/wp-content\/uploads\/2022\/10\/Untitled-768x1061.jpg 768w, https:\/\/juliustamosiunas.lt\/wp-content\/uploads\/2022\/10\/Untitled-1112x1536.jpg 1112w, https:\/\/juliustamosiunas.lt\/wp-content\/uploads\/2022\/10\/Untitled-1482x2048.jpg 1482w, https:\/\/juliustamosiunas.lt\/wp-content\/uploads\/2022\/10\/Untitled-scaled.jpg 1853w\" sizes=\"(max-width: 741px) 100vw, 741px\" \/><\/figure>\n<\/div>\n\n\n\n<div class=\"wp-block-column is-layout-flow wp-block-column-is-layout-flow\">\n<figure class=\"wp-block-image size-full\"><img loading=\"lazy\" decoding=\"async\" width=\"500\" height=\"328\" src=\"https:\/\/juliustamosiunas.lt\/wp-content\/uploads\/2022\/10\/PAROD.jpg\" alt=\"\" class=\"wp-image-572\" srcset=\"https:\/\/juliustamosiunas.lt\/wp-content\/uploads\/2022\/10\/PAROD.jpg 500w, https:\/\/juliustamosiunas.lt\/wp-content\/uploads\/2022\/10\/PAROD-300x197.jpg 300w\" sizes=\"(max-width: 500px) 100vw, 500px\" \/><\/figure>\n<\/div>\n<\/div>\n\n\n\n<div class=\"wp-block-columns is-layout-flex wp-container-core-columns-is-layout-9d6595d7 wp-block-columns-is-layout-flex\">\n<div class=\"wp-block-column is-layout-flow wp-block-column-is-layout-flow\">\n<figure class=\"wp-block-image size-large\"><img loading=\"lazy\" decoding=\"async\" width=\"1024\" height=\"666\" src=\"https:\/\/juliustamosiunas.lt\/wp-content\/uploads\/2022\/10\/ScanImage19-1024x666.jpg\" alt=\"\" class=\"wp-image-606\" srcset=\"https:\/\/juliustamosiunas.lt\/wp-content\/uploads\/2022\/10\/ScanImage19-1024x666.jpg 1024w, https:\/\/juliustamosiunas.lt\/wp-content\/uploads\/2022\/10\/ScanImage19-300x195.jpg 300w, https:\/\/juliustamosiunas.lt\/wp-content\/uploads\/2022\/10\/ScanImage19-768x499.jpg 768w, https:\/\/juliustamosiunas.lt\/wp-content\/uploads\/2022\/10\/ScanImage19-1536x999.jpg 1536w, https:\/\/juliustamosiunas.lt\/wp-content\/uploads\/2022\/10\/ScanImage19.jpg 1764w\" sizes=\"(max-width: 1024px) 100vw, 1024px\" \/><\/figure>\n<\/div>\n\n\n\n<div class=\"wp-block-column is-layout-flow wp-block-column-is-layout-flow\">\n<figure class=\"wp-block-image size-large is-resized\"><img loading=\"lazy\" decoding=\"async\" src=\"https:\/\/juliustamosiunas.lt\/wp-content\/uploads\/2022\/10\/ScanImage26-1024x725.jpg\" alt=\"\" class=\"wp-image-607\" width=\"332\" height=\"234\" srcset=\"https:\/\/juliustamosiunas.lt\/wp-content\/uploads\/2022\/10\/ScanImage26-1024x725.jpg 1024w, https:\/\/juliustamosiunas.lt\/wp-content\/uploads\/2022\/10\/ScanImage26-300x212.jpg 300w, https:\/\/juliustamosiunas.lt\/wp-content\/uploads\/2022\/10\/ScanImage26-768x544.jpg 768w, https:\/\/juliustamosiunas.lt\/wp-content\/uploads\/2022\/10\/ScanImage26-1536x1088.jpg 1536w, https:\/\/juliustamosiunas.lt\/wp-content\/uploads\/2022\/10\/ScanImage26-2048x1450.jpg 2048w\" sizes=\"(max-width: 332px) 100vw, 332px\" \/><\/figure>\n<\/div>\n\n\n\n<div class=\"wp-block-column is-layout-flow wp-block-column-is-layout-flow\">\n<figure class=\"wp-block-image size-large is-resized\"><img loading=\"lazy\" decoding=\"async\" src=\"https:\/\/juliustamosiunas.lt\/wp-content\/uploads\/2022\/10\/ScanImage62-1024x724.jpg\" alt=\"\" class=\"wp-image-608\" width=\"332\" height=\"234\" srcset=\"https:\/\/juliustamosiunas.lt\/wp-content\/uploads\/2022\/10\/ScanImage62-1024x724.jpg 1024w, https:\/\/juliustamosiunas.lt\/wp-content\/uploads\/2022\/10\/ScanImage62-300x212.jpg 300w, https:\/\/juliustamosiunas.lt\/wp-content\/uploads\/2022\/10\/ScanImage62-768x543.jpg 768w, https:\/\/juliustamosiunas.lt\/wp-content\/uploads\/2022\/10\/ScanImage62-1536x1086.jpg 1536w, https:\/\/juliustamosiunas.lt\/wp-content\/uploads\/2022\/10\/ScanImage62.jpg 1986w\" sizes=\"(max-width: 332px) 100vw, 332px\" \/><\/figure>\n<\/div>\n<\/div>\n\n\n\n<div class=\"wp-block-columns is-layout-flex wp-container-core-columns-is-layout-9d6595d7 wp-block-columns-is-layout-flex\">\n<div class=\"wp-block-column is-layout-flow wp-block-column-is-layout-flow\">\n<figure class=\"wp-block-image size-large\"><img loading=\"lazy\" decoding=\"async\" width=\"1024\" height=\"648\" src=\"https:\/\/juliustamosiunas.lt\/wp-content\/uploads\/2022\/11\/11-1024x648.jpg\" alt=\"\" class=\"wp-image-663\" srcset=\"https:\/\/juliustamosiunas.lt\/wp-content\/uploads\/2022\/11\/11-1024x648.jpg 1024w, https:\/\/juliustamosiunas.lt\/wp-content\/uploads\/2022\/11\/11-300x190.jpg 300w, https:\/\/juliustamosiunas.lt\/wp-content\/uploads\/2022\/11\/11-768x486.jpg 768w, https:\/\/juliustamosiunas.lt\/wp-content\/uploads\/2022\/11\/11-1536x971.jpg 1536w, https:\/\/juliustamosiunas.lt\/wp-content\/uploads\/2022\/11\/11-2048x1295.jpg 2048w\" sizes=\"(max-width: 1024px) 100vw, 1024px\" \/><\/figure>\n<\/div>\n\n\n\n<div class=\"wp-block-column is-layout-flow wp-block-column-is-layout-flow\"><\/div>\n\n\n\n<div class=\"wp-block-column is-layout-flow wp-block-column-is-layout-flow\"><\/div>\n<\/div>\n","protected":false},"excerpt":{"rendered":"<p>Mes kasdien prisimename, Mes saugojame prisiminimus, prab\u0117gusias akimirkas, Mes did\u017eiuojam\u0117s t\u0117\u010dio, senelio nuveiktais darbais. Marijus Tama\u0161i\u016bnas, Para\u0161\u0117 ir I\u0161leido apybrai\u017e\u0105 apie J. Tamo\u0161i\u016bn\u0105 &#8211; savo senel\u012f.<\/p>\n","protected":false},"author":1,"featured_media":0,"parent":0,"menu_order":0,"comment_status":"closed","ping_status":"closed","template":"","meta":{"neve_meta_sidebar":"full-width","neve_meta_container":"","neve_meta_enable_content_width":"","neve_meta_content_width":70,"neve_meta_title_alignment":"left","neve_meta_author_avatar":"","neve_post_elements_order":"","neve_meta_disable_header":"","neve_meta_disable_footer":"","neve_meta_disable_title":"","two_page_speed":[],"footnotes":""},"class_list":["post-139","page","type-page","status-publish","hentry"],"_links":{"self":[{"href":"https:\/\/juliustamosiunas.lt\/index.php?rest_route=\/wp\/v2\/pages\/139","targetHints":{"allow":["GET"]}}],"collection":[{"href":"https:\/\/juliustamosiunas.lt\/index.php?rest_route=\/wp\/v2\/pages"}],"about":[{"href":"https:\/\/juliustamosiunas.lt\/index.php?rest_route=\/wp\/v2\/types\/page"}],"author":[{"embeddable":true,"href":"https:\/\/juliustamosiunas.lt\/index.php?rest_route=\/wp\/v2\/users\/1"}],"replies":[{"embeddable":true,"href":"https:\/\/juliustamosiunas.lt\/index.php?rest_route=%2Fwp%2Fv2%2Fcomments&post=139"}],"version-history":[{"count":29,"href":"https:\/\/juliustamosiunas.lt\/index.php?rest_route=\/wp\/v2\/pages\/139\/revisions"}],"predecessor-version":[{"id":664,"href":"https:\/\/juliustamosiunas.lt\/index.php?rest_route=\/wp\/v2\/pages\/139\/revisions\/664"}],"wp:attachment":[{"href":"https:\/\/juliustamosiunas.lt\/index.php?rest_route=%2Fwp%2Fv2%2Fmedia&parent=139"}],"curies":[{"name":"wp","href":"https:\/\/api.w.org\/{rel}","templated":true}]}}