{"id":256,"date":"2022-09-02T16:28:22","date_gmt":"2022-09-02T16:28:22","guid":{"rendered":"https:\/\/juliustamosiunas.lt\/?page_id=256"},"modified":"2024-10-20T18:44:39","modified_gmt":"2024-10-20T18:44:39","slug":"pradzia","status":"publish","type":"page","link":"https:\/\/juliustamosiunas.lt\/","title":{"rendered":"Apie"},"content":{"rendered":"\n<div class=\"wp-block-columns is-layout-flex wp-container-core-columns-is-layout-9d6595d7 wp-block-columns-is-layout-flex\">\n<div class=\"wp-block-column is-layout-flow wp-block-column-is-layout-flow\">\n<figure class=\"wp-block-image size-full is-resized\"><img fetchpriority=\"high\" decoding=\"async\" width=\"278\" height=\"363\" src=\"https:\/\/juliustamosiunas.lt\/wp-content\/uploads\/2022\/09\/NUOTR-3.jpg\" alt=\"\" class=\"wp-image-395\" style=\"width:209px;height:272px\" srcset=\"https:\/\/juliustamosiunas.lt\/wp-content\/uploads\/2022\/09\/NUOTR-3.jpg 278w, https:\/\/juliustamosiunas.lt\/wp-content\/uploads\/2022\/09\/NUOTR-3-230x300.jpg 230w\" sizes=\"(max-width: 278px) 100vw, 278px\" \/><\/figure>\n<\/div>\n\n\n\n<div class=\"wp-block-column is-layout-flow wp-block-column-is-layout-flow\">\n<p><em>Julius Tamo\u0161i\u016bnas &#8211; bibliografas, tapytojas, poetas, kolekcionierius ir dar daug prasming\u0173 darb\u0173 savo gyvenime nuveik\u0119s \u017emogus. \u017dmogus nepaprastai kar\u0161tai myl\u0117j\u0119s savo t\u0117vyn\u0119, kra\u0161t\u0105, kalb\u0105, \u017emones ir tos nebl\u0117stan\u010dios energijos s\u0117m\u0117si  i\u0161 noro ie\u0161koti, su\u017einoti, pamatyti.<\/em><\/p>\n<\/div>\n<\/div>\n\n\n\n<p class=\"has-nv-light-bg-background-color has-background\">1926 &#8211; 1995    <\/p>\n\n\n\n<p class=\"has-medium-font-size\"><\/p>\n\n\n\n<p>1995 m. sausio 13 dien\u0105 nustojo plakusi tauraus Lietuvos ir jos Atgimimo puosel\u0117tojo, i\u0161kilaus lietuvi\u0173 periodikos istorijos k\u016br\u0117jo, kult\u016brininko ir dailininko, bibliofilo Juliaus Tamo\u0161i\u016bno \u0161irdis.<\/p>\n\n\n\n<p class=\"has-text-align-left\">J. Tamo\u0161i\u016bnas gim\u0117 1926 m. gegu\u017e\u0117s 15 d., Utenos rajono, Daugaili\u0173 apskrities, \u017dadavaini\u0173 kaime, bet vaikyst\u0117 prab\u0117go Zaras\u0173 rajono Duset\u0173 seni\u016bnijoje, Kriov\u0173 kaime (dab. Narky\u010diai), vaizdingose Vencavo, Juodk\u016bni\u0161ki\u0173 e\u017eer\u0173 apylink\u0117se. \u0160eimoje, kaip jauniausiam i\u0161 s\u016bn\u0173, jam buvo numatyta \u017eem\u0117s \u016bkio darb\u0173 t\u0119stinumas, bet pamokytas skaityti vyresniojo brolio Kazio, prie \u016bkio darb\u0173 nepritapo &#8211; &#8222;u\u017esikabino&#8221; su skaitymu, po to ra\u0161yba, pie\u0161imas. T\u0117vai matydami Juliaus gabumus ir nor\u0105 mokytis, taip pat i\u0161leido j\u012f \u012f mokslus, kaip ir kitus tris savo vaikus. Visi keturi \u0161eimos vaikai, kaip ir j\u0173 t\u0117vai pra\u0117jo nelengv\u0105 gyvenimo tarpsn\u012f, i\u0161brauk\u0119 i\u0161 savo gyvenimo vis\u0105 jaunyst\u0119, kuri\u0105 su\u017elugd\u0117 visos \u0161eimos tremtis \u012f Sibir\u0105. I\u0161 Sibiro gr\u012f\u017eo ne visi &#8211; mama Teres\u0117 nebegr\u012f\u017eo &#8211; ten ji ir mir\u0117. I\u0161sikapst\u0119 i\u0161 nepritekliaus, be nam\u0173, be giminai\u010di\u0173, Lietuvoje prad\u0117jo kurti savo ateit\u012f. Visi keturi \u0161eimos vaikai matyt buvo meni\u0161kos sielos, nes vyriausias s\u016bnus Kazys para\u0161\u0117 knyg\u0105 apie \u0161eim\u0105 ir savo vaikyst\u0119, m\u0117go tapyti, dirbo gydytoju Klaip\u0117doje, sesuo Elena Vilniuje dirbo architekte, k\u016br\u0117 floristikos paveikslus, sesuo Aldona \u012fsik\u016br\u0117 Kaune, kurdavo mazg\u0173 pynimo ra\u0161tus, ri\u0161davo, megzdavo. Deja, J\u0173 vis\u0173 jau \u0161ioje \u017eem\u0117je neb\u0117ra &#8211; liko tik prisiminimai ir j\u0173 darbai.<\/p>\n\n\n\n<p class=\"has-text-align-left\">Gr\u012f\u017e\u0119s \u012f Lietuv\u0105, trisde\u0161imtmetis Julius eksternu i\u0161laik\u0117 vidurin\u0117s mokyklos egzaminus, trumpai mok\u0117si Dail\u0117s akademijoje, po to \u012fstojo \u012f KPI statybos fakultet\u0105 neakivaizdin\u012f skyri\u0173. Baig\u0119s mokslus daug met\u0173 dirbo kaimo statybos saugumo technikos in\u017einieriumi, tad pabuvojo ir ma\u017euose miesteliuose, kaimuose, vienkiemiuose, kur ten lankydamasis rinko sunaikinimui pasmerktus lietuvi\u0173 periodikos ir literat\u016bros leidinius. Julius Tamo\u0161i\u016bnas ne kart\u0105 buvo \u012fsp\u0117tas saugumo tarnyb\u0173, persekiojamas u\u017e draud\u017eiamos spaudos rinkim\u0105, dom\u0117jim\u0105si Lietuvos istorija, ir visa kuo, kas liet\u0117 lietuvyb\u0119. Pama\u017eu Julius sukaup\u0117 did\u017eiausi\u0105 ir vertingiausi\u0105 Lietuvoje ret\u0173 periodikos leidini\u0173 kolekcij\u0105, 1988 m. pareng\u0117 ir i\u0161leido &#8222;Lietuvi\u0161kos periodin\u0117s spaudos kolekcijos parodos katalog\u0105 1883-1940&#8221;, o 1991 m. i\u0161leido fundamentalios &#8222;Lietuvi\u0161k\u0173 periodini\u0173 leidini\u0173 bibliografijos&#8221; (1832-1982) I tom\u0105, o 1994 m. &#8211; II tom\u0105 (1983-1993). Vienas \u017emogus &#8211; nuo enciklopedijos sudarytojo iki i\u0161leid\u0117jo, &#8211; darbas tolygus lituanistikos instituto darbui. Be \u0161i\u0173 darb\u0173, nepamir\u0161o ir savo pom\u0117gi\u0173 &#8211; tapyti Lietuvos peiza\u017eus, miestelius, kurti eiles. B\u016bdamas be galo energingas ir jautrus Lietuvos gyvenimui, susp\u0117jo dalyvauti Lietuvos \u017eurnalist\u0173 draugijos, \u017emogaus teisi\u0173 gynimo asociacijos, liaudies meninink\u0173, \u012fvairi\u0173 kolekcionieri\u0173 draugij\u0173 veiklose, nesavanaudi\u0161kai ir nuo\u0161ird\u017eiai r\u0117m\u0117 S\u0105j\u016bd\u017eio, vis\u0173 patriotini\u0173 jud\u0117jim\u0173 \u017emones leidiniais, geru \u017eod\u017eiu, patarimais, jo asmuo buvo nepaprastos traukos centras \u012fvairi\u0173 pa\u017ei\u016br\u0173 \u017emon\u0117ms, jo erudicija, optimizmas ir stipri aistra nuteikdavo kiekvien\u0105 kilniems Lietuvos darbams.<\/p>\n\n\n\n<p>tumas.saulius@gmail.com<\/p>\n\n\n\n<p><\/p>\n\n\n\n<p><\/p>\n","protected":false},"excerpt":{"rendered":"<p>Julius Tamo\u0161i\u016bnas &#8211; bibliografas, tapytojas, poetas, kolekcionierius ir dar daug prasming\u0173 darb\u0173 savo gyvenime nuveik\u0119s \u017emogus. \u017dmogus nepaprastai kar\u0161tai myl\u0117j\u0119s savo t\u0117vyn\u0119, kra\u0161t\u0105, kalb\u0105, \u017emones ir tos nebl\u0117stan\u010dios energijos s\u0117m\u0117si i\u0161 noro ie\u0161koti, su\u017einoti, pamatyti. 1926 &#8211; 1995 1995 m. sausio 13 dien\u0105 nustojo plakusi tauraus Lietuvos ir jos Atgimimo puosel\u0117tojo, i\u0161kilaus lietuvi\u0173 periodikos istorijos&hellip;&nbsp;<a href=\"https:\/\/juliustamosiunas.lt\/\" class=\"\" rel=\"bookmark\">Read More &raquo;<span class=\"screen-reader-text\">Apie<\/span><\/a><\/p>\n","protected":false},"author":1,"featured_media":0,"parent":0,"menu_order":0,"comment_status":"closed","ping_status":"closed","template":"","meta":{"neve_meta_sidebar":"full-width","neve_meta_container":"","neve_meta_enable_content_width":"","neve_meta_content_width":0,"neve_meta_title_alignment":"left","neve_meta_author_avatar":"","neve_post_elements_order":"","neve_meta_disable_header":"off","neve_meta_disable_footer":"","neve_meta_disable_title":"","two_page_speed":null,"footnotes":""},"class_list":["post-256","page","type-page","status-publish","hentry"],"_links":{"self":[{"href":"https:\/\/juliustamosiunas.lt\/index.php?rest_route=\/wp\/v2\/pages\/256","targetHints":{"allow":["GET"]}}],"collection":[{"href":"https:\/\/juliustamosiunas.lt\/index.php?rest_route=\/wp\/v2\/pages"}],"about":[{"href":"https:\/\/juliustamosiunas.lt\/index.php?rest_route=\/wp\/v2\/types\/page"}],"author":[{"embeddable":true,"href":"https:\/\/juliustamosiunas.lt\/index.php?rest_route=\/wp\/v2\/users\/1"}],"replies":[{"embeddable":true,"href":"https:\/\/juliustamosiunas.lt\/index.php?rest_route=%2Fwp%2Fv2%2Fcomments&post=256"}],"version-history":[{"count":27,"href":"https:\/\/juliustamosiunas.lt\/index.php?rest_route=\/wp\/v2\/pages\/256\/revisions"}],"predecessor-version":[{"id":673,"href":"https:\/\/juliustamosiunas.lt\/index.php?rest_route=\/wp\/v2\/pages\/256\/revisions\/673"}],"wp:attachment":[{"href":"https:\/\/juliustamosiunas.lt\/index.php?rest_route=%2Fwp%2Fv2%2Fmedia&parent=256"}],"curies":[{"name":"wp","href":"https:\/\/api.w.org\/{rel}","templated":true}]}}