{"id":80,"date":"2022-08-29T09:46:01","date_gmt":"2022-08-29T09:46:01","guid":{"rendered":"https:\/\/juliustamosiunas.lt\/?page_id=80"},"modified":"2022-10-19T08:29:05","modified_gmt":"2022-10-19T08:29:05","slug":"kontaktai","status":"publish","type":"page","link":"https:\/\/juliustamosiunas.lt\/?page_id=80","title":{"rendered":"Kolekcijos"},"content":{"rendered":"\n<p class=\"has-text-align-left has-nv-light-bg-background-color has-background has-medium-font-size\"><strong>Lietuvi\u0161ki periodiniai leidiniai<\/strong> (Kolekcij\u0105 sudaro leidiniai nuo 1832 iki 1991 m)<\/p>\n\n\n\n<div class=\"wp-block-columns is-layout-flex wp-container-core-columns-is-layout-9d6595d7 wp-block-columns-is-layout-flex\">\n<div class=\"wp-block-column is-layout-flow wp-block-column-is-layout-flow\">\n<div class=\"wp-block-group\"><div class=\"wp-block-group__inner-container is-layout-flow wp-block-group-is-layout-flow\">\n<div class=\"wp-block-file\"><a id=\"wp-block-file--media-027d7bcf-7482-4ae6-b892-f0cee0a56942\" href=\"https:\/\/juliustamosiunas.lt\/wp-content\/uploads\/2022\/10\/A1.xls\">A1<\/a><a href=\"https:\/\/juliustamosiunas.lt\/wp-content\/uploads\/2022\/10\/A1.xls\" class=\"wp-block-file__button\" download aria-describedby=\"wp-block-file--media-027d7bcf-7482-4ae6-b892-f0cee0a56942\">Download<\/a><\/div>\n<\/div><\/div>\n<\/div>\n\n\n\n<div class=\"wp-block-column is-layout-flow wp-block-column-is-layout-flow\">\n<figure class=\"wp-block-image size-large\"><img fetchpriority=\"high\" decoding=\"async\" width=\"741\" height=\"1024\" src=\"https:\/\/juliustamosiunas.lt\/wp-content\/uploads\/2022\/10\/ScanImage68-741x1024.jpg\" alt=\"\" class=\"wp-image-602\" srcset=\"https:\/\/juliustamosiunas.lt\/wp-content\/uploads\/2022\/10\/ScanImage68-741x1024.jpg 741w, https:\/\/juliustamosiunas.lt\/wp-content\/uploads\/2022\/10\/ScanImage68-217x300.jpg 217w, https:\/\/juliustamosiunas.lt\/wp-content\/uploads\/2022\/10\/ScanImage68-768x1062.jpg 768w, https:\/\/juliustamosiunas.lt\/wp-content\/uploads\/2022\/10\/ScanImage68-1111x1536.jpg 1111w, https:\/\/juliustamosiunas.lt\/wp-content\/uploads\/2022\/10\/ScanImage68-1481x2048.jpg 1481w, https:\/\/juliustamosiunas.lt\/wp-content\/uploads\/2022\/10\/ScanImage68.jpg 1536w\" sizes=\"(max-width: 741px) 100vw, 741px\" \/><\/figure>\n<\/div>\n\n\n\n<div class=\"wp-block-column is-layout-flow wp-block-column-is-layout-flow\">\n<figure class=\"wp-block-image size-large\"><img decoding=\"async\" width=\"740\" height=\"1024\" src=\"https:\/\/juliustamosiunas.lt\/wp-content\/uploads\/2022\/10\/ScanImage66-1-740x1024.jpg\" alt=\"\" class=\"wp-image-604\" srcset=\"https:\/\/juliustamosiunas.lt\/wp-content\/uploads\/2022\/10\/ScanImage66-1-740x1024.jpg 740w, https:\/\/juliustamosiunas.lt\/wp-content\/uploads\/2022\/10\/ScanImage66-1-217x300.jpg 217w, https:\/\/juliustamosiunas.lt\/wp-content\/uploads\/2022\/10\/ScanImage66-1-768x1063.jpg 768w, https:\/\/juliustamosiunas.lt\/wp-content\/uploads\/2022\/10\/ScanImage66-1-1110x1536.jpg 1110w, https:\/\/juliustamosiunas.lt\/wp-content\/uploads\/2022\/10\/ScanImage66-1-1479x2048.jpg 1479w, https:\/\/juliustamosiunas.lt\/wp-content\/uploads\/2022\/10\/ScanImage66-1.jpg 1530w\" sizes=\"(max-width: 740px) 100vw, 740px\" \/><\/figure>\n<\/div>\n<\/div>\n\n\n\n<div class=\"wp-block-columns is-layout-flex wp-container-core-columns-is-layout-9d6595d7 wp-block-columns-is-layout-flex\">\n<div class=\"wp-block-column has-nv-light-bg-background-color has-background is-layout-flow wp-block-column-is-layout-flow\">\n<p class=\"has-medium-font-size\">         <strong>Pa\u0161to vokai<\/strong> (Kolekcij\u0105 sudaro: Tarybiniai pa\u0161to vokai lietuvi\u0161ka tematika, U\u017esienio lietuvi\u0173 i\u0161leisti vokai,       Nepriklausomos Lietuvos pa\u0161to vokai)<\/p>\n<\/div>\n<\/div>\n\n\n\n<div class=\"wp-block-columns is-layout-flex wp-container-core-columns-is-layout-9d6595d7 wp-block-columns-is-layout-flex\">\n<div class=\"wp-block-column is-layout-flow wp-block-column-is-layout-flow\">\n<figure class=\"wp-block-image size-large\"><img decoding=\"async\" width=\"768\" height=\"1024\" src=\"https:\/\/juliustamosiunas.lt\/wp-content\/uploads\/2022\/10\/IMG-7470-768x1024.jpg\" alt=\"\" class=\"wp-image-597\" srcset=\"https:\/\/juliustamosiunas.lt\/wp-content\/uploads\/2022\/10\/IMG-7470-768x1024.jpg 768w, https:\/\/juliustamosiunas.lt\/wp-content\/uploads\/2022\/10\/IMG-7470-225x300.jpg 225w, https:\/\/juliustamosiunas.lt\/wp-content\/uploads\/2022\/10\/IMG-7470-1152x1536.jpg 1152w, https:\/\/juliustamosiunas.lt\/wp-content\/uploads\/2022\/10\/IMG-7470-1536x2048.jpg 1536w, https:\/\/juliustamosiunas.lt\/wp-content\/uploads\/2022\/10\/IMG-7470-scaled.jpg 1920w\" sizes=\"(max-width: 768px) 100vw, 768px\" \/><\/figure>\n<\/div>\n\n\n\n<div class=\"wp-block-column is-layout-flow wp-block-column-is-layout-flow\">\n<figure class=\"wp-block-image size-large\"><img loading=\"lazy\" decoding=\"async\" width=\"768\" height=\"1024\" src=\"https:\/\/juliustamosiunas.lt\/wp-content\/uploads\/2022\/10\/IMG-7469-768x1024.jpg\" alt=\"\" class=\"wp-image-598\" srcset=\"https:\/\/juliustamosiunas.lt\/wp-content\/uploads\/2022\/10\/IMG-7469-768x1024.jpg 768w, https:\/\/juliustamosiunas.lt\/wp-content\/uploads\/2022\/10\/IMG-7469-225x300.jpg 225w, https:\/\/juliustamosiunas.lt\/wp-content\/uploads\/2022\/10\/IMG-7469-1152x1536.jpg 1152w, https:\/\/juliustamosiunas.lt\/wp-content\/uploads\/2022\/10\/IMG-7469-1536x2048.jpg 1536w, https:\/\/juliustamosiunas.lt\/wp-content\/uploads\/2022\/10\/IMG-7469-scaled.jpg 1920w\" sizes=\"(max-width: 768px) 100vw, 768px\" \/><\/figure>\n<\/div>\n\n\n\n<div class=\"wp-block-column is-layout-flow wp-block-column-is-layout-flow\">\n<figure class=\"wp-block-image size-large\"><img loading=\"lazy\" decoding=\"async\" width=\"768\" height=\"1024\" src=\"https:\/\/juliustamosiunas.lt\/wp-content\/uploads\/2022\/10\/IMG-7471-768x1024.jpg\" alt=\"\" class=\"wp-image-599\" srcset=\"https:\/\/juliustamosiunas.lt\/wp-content\/uploads\/2022\/10\/IMG-7471-768x1024.jpg 768w, https:\/\/juliustamosiunas.lt\/wp-content\/uploads\/2022\/10\/IMG-7471-225x300.jpg 225w, https:\/\/juliustamosiunas.lt\/wp-content\/uploads\/2022\/10\/IMG-7471-1152x1536.jpg 1152w, https:\/\/juliustamosiunas.lt\/wp-content\/uploads\/2022\/10\/IMG-7471-1536x2048.jpg 1536w, https:\/\/juliustamosiunas.lt\/wp-content\/uploads\/2022\/10\/IMG-7471-scaled.jpg 1920w\" sizes=\"(max-width: 768px) 100vw, 768px\" \/><\/figure>\n<\/div>\n<\/div>\n\n\n\n<div class=\"wp-block-columns is-layout-flex wp-container-core-columns-is-layout-9d6595d7 wp-block-columns-is-layout-flex\">\n<div class=\"wp-block-column has-nv-light-bg-background-color has-background is-layout-flow wp-block-column-is-layout-flow\">\n<p class=\"has-medium-font-size\" style=\"font-style:normal;font-weight:700\">            Lietuvi\u0161ki pinigai <\/p>\n<\/div>\n<\/div>\n\n\n\n<div class=\"wp-block-columns is-layout-flex wp-container-core-columns-is-layout-9d6595d7 wp-block-columns-is-layout-flex\">\n<div class=\"wp-block-column is-layout-flow wp-block-column-is-layout-flow\">\n<figure class=\"wp-block-image size-large is-resized\"><img loading=\"lazy\" decoding=\"async\" src=\"https:\/\/juliustamosiunas.lt\/wp-content\/uploads\/2022\/10\/Untitled2-1024x846.jpg\" alt=\"\" class=\"wp-image-611\" width=\"363\" height=\"300\" srcset=\"https:\/\/juliustamosiunas.lt\/wp-content\/uploads\/2022\/10\/Untitled2-1024x846.jpg 1024w, https:\/\/juliustamosiunas.lt\/wp-content\/uploads\/2022\/10\/Untitled2-300x248.jpg 300w, https:\/\/juliustamosiunas.lt\/wp-content\/uploads\/2022\/10\/Untitled2-768x634.jpg 768w, https:\/\/juliustamosiunas.lt\/wp-content\/uploads\/2022\/10\/Untitled2-1536x1269.jpg 1536w, https:\/\/juliustamosiunas.lt\/wp-content\/uploads\/2022\/10\/Untitled2-2048x1692.jpg 2048w\" sizes=\"(max-width: 363px) 100vw, 363px\" \/><\/figure>\n<\/div>\n\n\n\n<div class=\"wp-block-column is-layout-flow wp-block-column-is-layout-flow\">\n<figure class=\"wp-block-image size-large\"><img loading=\"lazy\" decoding=\"async\" width=\"1024\" height=\"811\" src=\"https:\/\/juliustamosiunas.lt\/wp-content\/uploads\/2022\/10\/Untitled3-1024x811.jpg\" alt=\"\" class=\"wp-image-612\" srcset=\"https:\/\/juliustamosiunas.lt\/wp-content\/uploads\/2022\/10\/Untitled3-1024x811.jpg 1024w, https:\/\/juliustamosiunas.lt\/wp-content\/uploads\/2022\/10\/Untitled3-300x238.jpg 300w, https:\/\/juliustamosiunas.lt\/wp-content\/uploads\/2022\/10\/Untitled3-768x608.jpg 768w, https:\/\/juliustamosiunas.lt\/wp-content\/uploads\/2022\/10\/Untitled3-1536x1217.jpg 1536w, https:\/\/juliustamosiunas.lt\/wp-content\/uploads\/2022\/10\/Untitled3-2048x1623.jpg 2048w\" sizes=\"(max-width: 1024px) 100vw, 1024px\" \/><\/figure>\n<\/div>\n\n\n\n<div class=\"wp-block-column is-layout-flow wp-block-column-is-layout-flow\">\n<figure class=\"wp-block-image size-large is-resized\"><img loading=\"lazy\" decoding=\"async\" src=\"https:\/\/juliustamosiunas.lt\/wp-content\/uploads\/2022\/10\/Untitled4-1024x648.jpg\" alt=\"\" class=\"wp-image-613\" width=\"454\" height=\"287\" srcset=\"https:\/\/juliustamosiunas.lt\/wp-content\/uploads\/2022\/10\/Untitled4-1024x648.jpg 1024w, https:\/\/juliustamosiunas.lt\/wp-content\/uploads\/2022\/10\/Untitled4-300x190.jpg 300w, https:\/\/juliustamosiunas.lt\/wp-content\/uploads\/2022\/10\/Untitled4-768x486.jpg 768w, https:\/\/juliustamosiunas.lt\/wp-content\/uploads\/2022\/10\/Untitled4-1536x972.jpg 1536w, https:\/\/juliustamosiunas.lt\/wp-content\/uploads\/2022\/10\/Untitled4-2048x1296.jpg 2048w\" sizes=\"(max-width: 454px) 100vw, 454px\" \/><\/figure>\n<\/div>\n<\/div>\n\n\n\n<div class=\"wp-block-columns is-layout-flex wp-container-core-columns-is-layout-9d6595d7 wp-block-columns-is-layout-flex\">\n<div class=\"wp-block-column is-layout-flow wp-block-column-is-layout-flow\">\n<figure class=\"wp-block-image size-large\"><img loading=\"lazy\" decoding=\"async\" width=\"803\" height=\"1024\" src=\"https:\/\/juliustamosiunas.lt\/wp-content\/uploads\/2022\/10\/Untitled-1-803x1024.jpg\" alt=\"\" class=\"wp-image-614\" srcset=\"https:\/\/juliustamosiunas.lt\/wp-content\/uploads\/2022\/10\/Untitled-1-803x1024.jpg 803w, https:\/\/juliustamosiunas.lt\/wp-content\/uploads\/2022\/10\/Untitled-1-235x300.jpg 235w, https:\/\/juliustamosiunas.lt\/wp-content\/uploads\/2022\/10\/Untitled-1-768x979.jpg 768w, https:\/\/juliustamosiunas.lt\/wp-content\/uploads\/2022\/10\/Untitled-1-1205x1536.jpg 1205w, https:\/\/juliustamosiunas.lt\/wp-content\/uploads\/2022\/10\/Untitled-1-1606x2048.jpg 1606w, https:\/\/juliustamosiunas.lt\/wp-content\/uploads\/2022\/10\/Untitled-1-scaled.jpg 2008w\" sizes=\"(max-width: 803px) 100vw, 803px\" \/><\/figure>\n<\/div>\n\n\n\n<div class=\"wp-block-column is-layout-flow wp-block-column-is-layout-flow\">\n<figure class=\"wp-block-image size-large\"><img loading=\"lazy\" decoding=\"async\" width=\"1024\" height=\"768\" src=\"https:\/\/juliustamosiunas.lt\/wp-content\/uploads\/2022\/10\/IMG-7525-1024x768.jpg\" alt=\"\" class=\"wp-image-615\" srcset=\"https:\/\/juliustamosiunas.lt\/wp-content\/uploads\/2022\/10\/IMG-7525-1024x768.jpg 1024w, https:\/\/juliustamosiunas.lt\/wp-content\/uploads\/2022\/10\/IMG-7525-300x225.jpg 300w, https:\/\/juliustamosiunas.lt\/wp-content\/uploads\/2022\/10\/IMG-7525-768x576.jpg 768w, https:\/\/juliustamosiunas.lt\/wp-content\/uploads\/2022\/10\/IMG-7525-1536x1152.jpg 1536w, https:\/\/juliustamosiunas.lt\/wp-content\/uploads\/2022\/10\/IMG-7525-2048x1536.jpg 2048w\" sizes=\"(max-width: 1024px) 100vw, 1024px\" \/><\/figure>\n<\/div>\n\n\n\n<div class=\"wp-block-column is-layout-flow wp-block-column-is-layout-flow\"><\/div>\n<\/div>\n","protected":false},"excerpt":{"rendered":"<p>Lietuvi\u0161ki periodiniai leidiniai (Kolekcij\u0105 sudaro leidiniai nuo 1832 iki 1991 m) Pa\u0161to vokai (Kolekcij\u0105 sudaro: Tarybiniai pa\u0161to vokai lietuvi\u0161ka tematika, U\u017esienio lietuvi\u0173 i\u0161leisti vokai, Nepriklausomos Lietuvos pa\u0161to vokai) Lietuvi\u0161ki pinigai<\/p>\n","protected":false},"author":1,"featured_media":0,"parent":0,"menu_order":0,"comment_status":"closed","ping_status":"closed","template":"","meta":{"neve_meta_sidebar":"","neve_meta_container":"","neve_meta_enable_content_width":"","neve_meta_content_width":0,"neve_meta_title_alignment":"","neve_meta_author_avatar":"","neve_post_elements_order":"","neve_meta_disable_header":"","neve_meta_disable_footer":"","neve_meta_disable_title":"","two_page_speed":[],"footnotes":""},"class_list":["post-80","page","type-page","status-publish","hentry"],"_links":{"self":[{"href":"https:\/\/juliustamosiunas.lt\/index.php?rest_route=\/wp\/v2\/pages\/80","targetHints":{"allow":["GET"]}}],"collection":[{"href":"https:\/\/juliustamosiunas.lt\/index.php?rest_route=\/wp\/v2\/pages"}],"about":[{"href":"https:\/\/juliustamosiunas.lt\/index.php?rest_route=\/wp\/v2\/types\/page"}],"author":[{"embeddable":true,"href":"https:\/\/juliustamosiunas.lt\/index.php?rest_route=\/wp\/v2\/users\/1"}],"replies":[{"embeddable":true,"href":"https:\/\/juliustamosiunas.lt\/index.php?rest_route=%2Fwp%2Fv2%2Fcomments&post=80"}],"version-history":[{"count":7,"href":"https:\/\/juliustamosiunas.lt\/index.php?rest_route=\/wp\/v2\/pages\/80\/revisions"}],"predecessor-version":[{"id":616,"href":"https:\/\/juliustamosiunas.lt\/index.php?rest_route=\/wp\/v2\/pages\/80\/revisions\/616"}],"wp:attachment":[{"href":"https:\/\/juliustamosiunas.lt\/index.php?rest_route=%2Fwp%2Fv2%2Fmedia&parent=80"}],"curies":[{"name":"wp","href":"https:\/\/api.w.org\/{rel}","templated":true}]}}